{"id":10225,"date":"2018-04-24T08:29:33","date_gmt":"2018-04-24T08:29:33","guid":{"rendered":"https:\/\/www.marthapeach.com\/faqs\/"},"modified":"2018-04-24T08:30:22","modified_gmt":"2018-04-24T08:30:22","slug":"faqs","status":"publish","type":"page","link":"https:\/\/www.marthapeach.com\/en\/faqs\/","title":{"rendered":"Faqs"},"content":{"rendered":"<p>[vc_row css=&#8221;.vc_custom_1486725682166{padding-top: 28px !important;padding-bottom: 110px !important;}&#8221;][vc_column el_class=&#8221;LOOKTITLE&#8221;][vc_column_text css=&#8221;.vc_custom_1509616397781{padding-bottom: 40px !important;}&#8221;]<\/p>\n<p style=\"text-align: center;\">ACERCA DEL PRODUCTO<\/p>\n<p>[\/vc_column_text][\/vc_column][vc_column]<div class=\"mkd-accordion-holder clearfix mkd-ac-default mkd-accordion mkd-ac-boxed\">\n\t<h5 class=\"mkd-title-holder\">\n    <span class=\"mkd-accordion-mark\">\n\t\t<span class=\"mkd_icon_plus icon_plus\"><\/span>\n\t\t<span class=\"mkd_icon_minus icon_close\"><\/span>\n\t<\/span>\n\t<span class=\"mkd-tab-title\">\u00bfCON QU\u00c9 TEJIDO EST\u00c1N HECHOS NUESTROS PA\u00d1UELOS Y MANTITAS?<\/span>\n<\/h5>\n<div class=\"mkd-accordion-content\">\n\t<div class=\"mkd-accordion-content-inner\">\n\t\t[vc_column_text]<\/p>\n<p class=\"p1\"><span class=\"s1\">Nuestro tejido es 100% <\/span><span class=\"s2\">Lenzing Modal\u00ae<\/span><span class=\"s1\">, una fibra extra\u00edda de madera de haya de los bosques austr\u00edacos a trav\u00e9s de un proceso eco-friendly. La suavidad es su principal caracter\u00edstica. Contamos con certificado OEKO-TEX 100. <\/span><\/p>\n<p>[\/vc_column_text]\t<\/div>\n<\/div><h5 class=\"mkd-title-holder\">\n    <span class=\"mkd-accordion-mark\">\n\t\t<span class=\"mkd_icon_plus icon_plus\"><\/span>\n\t\t<span class=\"mkd_icon_minus icon_close\"><\/span>\n\t<\/span>\n\t<span class=\"mkd-tab-title\">\u00bfES EL PA\u00d1UELO PORTABEB\u00c9S F\u00c1CIL DE UTILIZAR?<\/span>\n<\/h5>\n<div class=\"mkd-accordion-content\">\n\t<div class=\"mkd-accordion-content-inner\">\n\t\t[vc_column_text]<\/p>\n<p class=\"p1\"><span class=\"s1\">Si, su dise\u00f1o es muy sencillo, sin correas ni hebillas inc\u00f3modas. Nos permite colocarnos tranquilamente el pa\u00f1uelo y posteriormente poner y sacar al beb\u00e9 sin necesidad de quit\u00e1rnoslo. <\/span><\/p>\n<p>[\/vc_column_text]\t<\/div>\n<\/div><h5 class=\"mkd-title-holder\">\n    <span class=\"mkd-accordion-mark\">\n\t\t<span class=\"mkd_icon_plus icon_plus\"><\/span>\n\t\t<span class=\"mkd_icon_minus icon_close\"><\/span>\n\t<\/span>\n\t<span class=\"mkd-tab-title\">\u00bfES SEGURO EL PORTABEB\u00c9S?<\/span>\n<\/h5>\n<div class=\"mkd-accordion-content\">\n\t<div class=\"mkd-accordion-content-inner\">\n\t\t[vc_column_text]<\/p>\n<p class=\"p1\"><span class=\"s1\">El pa\u00f1uelo portabeb\u00e9s es completamente seguro siempre que se utilice correctamente.<\/span><\/p>\n<p class=\"p1\"><span class=\"s1\">Es responsabilidad de la persona que lo utiliza colocarlo adecuadamente y respetar las indicaciones acerca de la seguridad. <\/span><\/p>\n<p>[\/vc_column_text]\t<\/div>\n<\/div><h5 class=\"mkd-title-holder\">\n    <span class=\"mkd-accordion-mark\">\n\t\t<span class=\"mkd_icon_plus icon_plus\"><\/span>\n\t\t<span class=\"mkd_icon_minus icon_close\"><\/span>\n\t<\/span>\n\t<span class=\"mkd-tab-title\">\u00bfES ERGON\u00d3MICO?<\/span>\n<\/h5>\n<div class=\"mkd-accordion-content\">\n\t<div class=\"mkd-accordion-content-inner\">\n\t\t[vc_column_text]<\/p>\n<p class=\"p1\"><span class=\"s1\">Nuestros pa\u00f1uelos portabeb\u00e9s son ergon\u00f3micos, siempre que est\u00e9n correctamente colocados, ya que se adaptan al cuerpo del beb\u00e9 y permiten respetar su postura fisiol\u00f3gica en cada fase de su desarrollo.<\/span><\/p>\n<p>[\/vc_column_text]\t<\/div>\n<\/div><h5 class=\"mkd-title-holder\">\n    <span class=\"mkd-accordion-mark\">\n\t\t<span class=\"mkd_icon_plus icon_plus\"><\/span>\n\t\t<span class=\"mkd_icon_minus icon_close\"><\/span>\n\t<\/span>\n\t<span class=\"mkd-tab-title\">\u00bfCU\u00c1NDO SE PUEDEN EMPEZAR A UTILIZAR?<\/span>\n<\/h5>\n<div class=\"mkd-accordion-content\">\n\t<div class=\"mkd-accordion-content-inner\">\n\t\t[vc_column_text]<\/p>\n<p class=\"p1\"><span class=\"s1\">El pa\u00f1uelo portabeb\u00e9s proporciona al beb\u00e9 sensaciones muy parecidas a las vividas en el \u00fatero materno por lo que son particularmente beneficiosos para los beb\u00e9s reci\u00e9n nacidos. En los beb\u00e9s prematuros o de bajo peso es especialmente importante controlar las v\u00edas respiratorias. <\/span><\/p>\n<p>[\/vc_column_text]\t<\/div>\n<\/div><h5 class=\"mkd-title-holder\">\n    <span class=\"mkd-accordion-mark\">\n\t\t<span class=\"mkd_icon_plus icon_plus\"><\/span>\n\t\t<span class=\"mkd_icon_minus icon_close\"><\/span>\n\t<\/span>\n\t<span class=\"mkd-tab-title\">\u00bfPODEMOS LLEVAR AL BEB\u00c9 MIRANDO HACIA DELANTE EN EL PA\u00d1UELO?<\/span>\n<\/h5>\n<div class=\"mkd-accordion-content\">\n\t<div class=\"mkd-accordion-content-inner\">\n\t\t[vc_column_text]<\/p>\n<p class=\"p1\"><span class=\"s1\">No, para poder respetar la ergonom\u00eda del beb\u00e9 estos deben ir siempre orientados hacia la persona que los lleva. <\/span><\/p>\n<p>[\/vc_column_text]\t<\/div>\n<\/div><h5 class=\"mkd-title-holder\">\n    <span class=\"mkd-accordion-mark\">\n\t\t<span class=\"mkd_icon_plus icon_plus\"><\/span>\n\t\t<span class=\"mkd_icon_minus icon_close\"><\/span>\n\t<\/span>\n\t<span class=\"mkd-tab-title\">\u00bfME DOLER\u00c1 LA ESPALDA?<\/span>\n<\/h5>\n<div class=\"mkd-accordion-content\">\n\t<div class=\"mkd-accordion-content-inner\">\n\t\t[vc_column_text]<\/p>\n<p class=\"p1\"><span class=\"s1\">Al llevar al beb\u00e9 tan acoplado y cerca de tu cuerpo el peso queda repartido por toda la espalda sin sobrecargar brazos y hombros por lo que la sensaci\u00f3n de peso es mucho menor. Adem\u00e1s, impide adoptar malas posturas de las que se derivan la mayor\u00eda de problemas de espalda.<\/span><\/p>\n<p>[\/vc_column_text]\t<\/div>\n<\/div><h5 class=\"mkd-title-holder\">\n    <span class=\"mkd-accordion-mark\">\n\t\t<span class=\"mkd_icon_plus icon_plus\"><\/span>\n\t\t<span class=\"mkd_icon_minus icon_close\"><\/span>\n\t<\/span>\n\t<span class=\"mkd-tab-title\">\u00bfQU\u00c9 TIPO DE ROPA PUEDO UTILIZAR CUANDO LLEVE A MI BEB\u00c9 EN EL PA\u00d1UELO?<\/span>\n<\/h5>\n<div class=\"mkd-accordion-content\">\n\t<div class=\"mkd-accordion-content-inner\">\n\t\t[vc_column_text]<\/p>\n<p class=\"p1\"><span class=\"s1\">Es importante no abrigar demasiado al beb\u00e9, teniendo en cuenta que va en contacto con nosotros y con una tela que lo recubre. Adem\u00e1s, recomendamos prestar atenci\u00f3n a la ropa de la mam\u00e1 evitando tejidos que puedan irritar su piel y elementos como botones, cremalleras u otros elementos que puedan molestarle.<\/span><\/p>\n<p class=\"p1\"><span class=\"s1\">En verano es importante llevarlo bien protegido del sol. <\/span><\/p>\n<p>[\/vc_column_text]\t<\/div>\n<\/div><h5 class=\"mkd-title-holder\">\n    <span class=\"mkd-accordion-mark\">\n\t\t<span class=\"mkd_icon_plus icon_plus\"><\/span>\n\t\t<span class=\"mkd_icon_minus icon_close\"><\/span>\n\t<\/span>\n\t<span class=\"mkd-tab-title\">\u00bfCU\u00c1NTO TIEMPO PUEDO LLEVARLO EN EL PA\u00d1UELO PORTABEB\u00c9S?<\/span>\n<\/h5>\n<div class=\"mkd-accordion-content\">\n\t<div class=\"mkd-accordion-content-inner\">\n\t\t[vc_column_text]<\/p>\n<p class=\"p1\"><span class=\"s1\">Como el beb\u00e9 va en una posici\u00f3n correcta puede permanecer todo el tiempo que quiera \u00e9l o la persona que lo lleva. Conforme se vaya haciendo mayor el beb\u00e9 querr\u00e1 moverse m\u00e1s y nos lo har\u00e1 saber. <\/span><\/p>\n<p>[\/vc_column_text]\t<\/div>\n<\/div><h5 class=\"mkd-title-holder\">\n    <span class=\"mkd-accordion-mark\">\n\t\t<span class=\"mkd_icon_plus icon_plus\"><\/span>\n\t\t<span class=\"mkd_icon_minus icon_close\"><\/span>\n\t<\/span>\n\t<span class=\"mkd-tab-title\">\u00bfEST\u00c1 C\u00d3MODO EL BEB\u00c9 EN EL PORTABEB\u00c9S?<\/span>\n<\/h5>\n<div class=\"mkd-accordion-content\">\n\t<div class=\"mkd-accordion-content-inner\">\n\t\t[vc_column_text]<\/p>\n<p class=\"p1\"><span class=\"s1\">Para un beb\u00e9 el ir abrazado al cuerpo de su madre sintiendo su calor y su coraz\u00f3n le proporciona una sensaci\u00f3n incomparable de bienestar, seguridad, calma. Es el lugar m\u00e1s acogedor en el que puede estar mientras descubre su nueva vida.<\/span><\/p>\n<p>[\/vc_column_text]\t<\/div>\n<\/div><\/div>[\/vc_column][\/vc_row][vc_row][vc_column el_class=&#8221;LOOKTITLE&#8221;][vc_column_text css=&#8221;.vc_custom_1509616477959{padding-bottom: 40px !important;}&#8221;]<\/p>\n<p style=\"text-align: center;\">PROCESO DE COMPRA<\/p>\n<p>[\/vc_column_text][\/vc_column][\/vc_row][vc_row][vc_column]<div class=\"mkd-accordion-holder clearfix mkd-ac-default mkd-accordion mkd-ac-boxed\">\n\t<h5 class=\"mkd-title-holder\">\n    <span class=\"mkd-accordion-mark\">\n\t\t<span class=\"mkd_icon_plus icon_plus\"><\/span>\n\t\t<span class=\"mkd_icon_minus icon_close\"><\/span>\n\t<\/span>\n\t<span class=\"mkd-tab-title\">\u00bfA D\u00d3NDE ENVIAMOS NUESTROS PEDIDOS?<\/span>\n<\/h5>\n<div class=\"mkd-accordion-content\">\n\t<div class=\"mkd-accordion-content-inner\">\n\t\t[vc_column_text]<\/p>\n<p class=\"p1\">Actualmente realizamos env\u00edos en Espa\u00f1a (Pen\u00ednsula y Baleares). Si vives fuera y quieres hacer un pedido puedes enviarnos un correo a info@marthapeach.com y te informamos.<\/p>\n<p>[\/vc_column_text]\t<\/div>\n<\/div><h5 class=\"mkd-title-holder\">\n    <span class=\"mkd-accordion-mark\">\n\t\t<span class=\"mkd_icon_plus icon_plus\"><\/span>\n\t\t<span class=\"mkd_icon_minus icon_close\"><\/span>\n\t<\/span>\n\t<span class=\"mkd-tab-title\">\u00bfCU\u00c1NDO RECIBIR\u00c9 MI PEDIDO?<\/span>\n<\/h5>\n<div class=\"mkd-accordion-content\">\n\t<div class=\"mkd-accordion-content-inner\">\n\t\t[vc_column_text]<\/p>\n<p class=\"p1\">El tiempo medio de entrega en la Pen\u00ednsula ser\u00e1 de 24-48 horas (d\u00edas laborables) desde la recepci\u00f3n del pedido y la confirmaci\u00f3n del pago.<br \/>\nPara env\u00edos a las Islas Baleares el tiempo estimado es de 2 a 5 d\u00edas.<\/p>\n<p>[\/vc_column_text]\t<\/div>\n<\/div><h5 class=\"mkd-title-holder\">\n    <span class=\"mkd-accordion-mark\">\n\t\t<span class=\"mkd_icon_plus icon_plus\"><\/span>\n\t\t<span class=\"mkd_icon_minus icon_close\"><\/span>\n\t<\/span>\n\t<span class=\"mkd-tab-title\">\u00bfCU\u00c1NTO ME COSTAR\u00c1 EL ENV\u00cdO?<\/span>\n<\/h5>\n<div class=\"mkd-accordion-content\">\n\t<div class=\"mkd-accordion-content-inner\">\n\t\t[vc_column_text]<\/p>\n<p class=\"p1\">El coste de env\u00edo en Pen\u00ednsula y Baleares es de 4 \u20ac. Coste de env\u00edo gratuito para compras superiores a 50 \u20ac.<br \/>\nResto de zonas, consultar.<\/p>\n<p>[\/vc_column_text]\t<\/div>\n<\/div><h5 class=\"mkd-title-holder\">\n    <span class=\"mkd-accordion-mark\">\n\t\t<span class=\"mkd_icon_plus icon_plus\"><\/span>\n\t\t<span class=\"mkd_icon_minus icon_close\"><\/span>\n\t<\/span>\n\t<span class=\"mkd-tab-title\">\u00bfC\u00d3MO PUEDO PAGAR MI PEDIDO?<\/span>\n<\/h5>\n<div class=\"mkd-accordion-content\">\n\t<div class=\"mkd-accordion-content-inner\">\n\t\t[vc_column_text]<\/p>\n<p class=\"p1\">Aceptamos pagos a trav\u00e9s de tarjeta de cr\u00e9dito o d\u00e9bito, transferencia bancaria o Paypal.<\/p>\n<p>[\/vc_column_text]\t<\/div>\n<\/div><h5 class=\"mkd-title-holder\">\n    <span class=\"mkd-accordion-mark\">\n\t\t<span class=\"mkd_icon_plus icon_plus\"><\/span>\n\t\t<span class=\"mkd_icon_minus icon_close\"><\/span>\n\t<\/span>\n\t<span class=\"mkd-tab-title\">\u00bfPUEDO DEVOLVER MI PRODUCTO?<\/span>\n<\/h5>\n<div class=\"mkd-accordion-content\">\n\t<div class=\"mkd-accordion-content-inner\">\n\t\t[vc_column_text]<\/p>\n<p class=\"p1\">Tienes 14 d\u00edas h\u00e1biles para realizar la devoluci\u00f3n desde la recepci\u00f3n del producto. Env\u00edanos un e-mail a <a href=\"mailto:info@marthapeach.com\">info@marthapeach.com<\/a> con los datos del pedido y te indicaremos c\u00f3mo proceder. El producto tiene que estar en perfectas condiciones y en su embalaje original. Los gastos de env\u00edo de la devoluci\u00f3n los abonar\u00e1 el cliente.<\/p>\n<p>[\/vc_column_text]\t<\/div>\n<\/div><\/div>[\/vc_column][\/vc_row]<\/p>\n","protected":false},"excerpt":{"rendered":"<p>[vc_row css=&#8221;.vc_custom_1486725682166{padding-top: 28px !important;padding-bottom: 110px !important;}&#8221;][vc_column el_class=&#8221;LOOKTITLE&#8221;][vc_column_text css=&#8221;.vc_custom_1509616397781{padding-bottom: 40px !important;}&#8221;] ACERCA DEL PRODUCTO [\/vc_column_text][\/vc_column][vc_column][\/vc_column][\/vc_row][vc_row][vc_column el_class=&#8221;LOOKTITLE&#8221;][vc_column_text css=&#8221;.vc_custom_1509616477959{padding-bottom: 40px !important;}&#8221;] PROCESO DE COMPRA [\/vc_column_text][\/vc_column][\/vc_row][vc_row][vc_column][\/vc_column][\/vc_row]<\/p>\n","protected":false},"author":1,"featured_media":0,"parent":0,"menu_order":0,"comment_status":"closed","ping_status":"closed","template":"","meta":[],"yoast_head":"<!-- This site is optimized with the Yoast SEO plugin v19.5.1 - https:\/\/yoast.com\/wordpress\/plugins\/seo\/ -->\n<title>Faqs - Martha Peach<\/title>\n<meta name=\"robots\" content=\"index, follow, max-snippet:-1, max-image-preview:large, max-video-preview:-1\" \/>\n<link rel=\"canonical\" href=\"https:\/\/www.marthapeach.com\/en\/faqs\/\" \/>\n<meta property=\"og:locale\" content=\"en_US\" \/>\n<meta property=\"og:type\" content=\"article\" \/>\n<meta property=\"og:title\" content=\"Faqs - Martha Peach\" \/>\n<meta property=\"og:description\" content=\"[vc_row css=&#8221;.vc_custom_1486725682166{padding-top: 28px !important;padding-bottom: 110px !important;}&#8221;][vc_column el_class=&#8221;LOOKTITLE&#8221;][vc_column_text css=&#8221;.vc_custom_1509616397781{padding-bottom: 40px !important;}&#8221;] ACERCA DEL PRODUCTO [\/vc_column_text][\/vc_column][vc_column][\/vc_column][\/vc_row][vc_row][vc_column el_class=&#8221;LOOKTITLE&#8221;][vc_column_text css=&#8221;.vc_custom_1509616477959{padding-bottom: 40px !important;}&#8221;] PROCESO DE COMPRA [\/vc_column_text][\/vc_column][\/vc_row][vc_row][vc_column][\/vc_column][\/vc_row]\" \/>\n<meta property=\"og:url\" content=\"https:\/\/www.marthapeach.com\/en\/faqs\/\" \/>\n<meta property=\"og:site_name\" content=\"Martha Peach\" \/>\n<meta property=\"article:modified_time\" content=\"2018-04-24T08:30:22+00:00\" \/>\n<meta name=\"twitter:card\" content=\"summary\" \/>\n<meta name=\"twitter:label1\" content=\"Est. reading time\" \/>\n\t<meta name=\"twitter:data1\" content=\"5 minutes\" \/>\n<script type=\"application\/ld+json\" class=\"yoast-schema-graph\">{\"@context\":\"https:\/\/schema.org\",\"@graph\":[{\"@type\":\"WebPage\",\"@id\":\"https:\/\/www.marthapeach.com\/en\/faqs\/\",\"url\":\"https:\/\/www.marthapeach.com\/en\/faqs\/\",\"name\":\"Faqs - Martha Peach\",\"isPartOf\":{\"@id\":\"https:\/\/www.marthapeach.com\/#website\"},\"datePublished\":\"2018-04-24T08:29:33+00:00\",\"dateModified\":\"2018-04-24T08:30:22+00:00\",\"breadcrumb\":{\"@id\":\"https:\/\/www.marthapeach.com\/en\/faqs\/#breadcrumb\"},\"inLanguage\":\"en-US\",\"potentialAction\":[{\"@type\":\"ReadAction\",\"target\":[\"https:\/\/www.marthapeach.com\/en\/faqs\/\"]}]},{\"@type\":\"BreadcrumbList\",\"@id\":\"https:\/\/www.marthapeach.com\/en\/faqs\/#breadcrumb\",\"itemListElement\":[{\"@type\":\"ListItem\",\"position\":1,\"name\":\"Portada\",\"item\":\"https:\/\/www.marthapeach.com\/en\/\"},{\"@type\":\"ListItem\",\"position\":2,\"name\":\"Faqs\"}]},{\"@type\":\"WebSite\",\"@id\":\"https:\/\/www.marthapeach.com\/#website\",\"url\":\"https:\/\/www.marthapeach.com\/\",\"name\":\"Martha Peach\",\"description\":\"Martha Peach la firma de portabeb\u00e9s con estilo y ergon\u00f3micos. Fulares tejidos, pa\u00f1uelos y ropa de porteo.\",\"potentialAction\":[{\"@type\":\"SearchAction\",\"target\":{\"@type\":\"EntryPoint\",\"urlTemplate\":\"https:\/\/www.marthapeach.com\/?s={search_term_string}\"},\"query-input\":\"required name=search_term_string\"}],\"inLanguage\":\"en-US\"}]}<\/script>\n<!-- \/ Yoast SEO plugin. -->","yoast_head_json":{"title":"Faqs - Martha Peach","robots":{"index":"index","follow":"follow","max-snippet":"max-snippet:-1","max-image-preview":"max-image-preview:large","max-video-preview":"max-video-preview:-1"},"canonical":"https:\/\/www.marthapeach.com\/en\/faqs\/","og_locale":"en_US","og_type":"article","og_title":"Faqs - Martha Peach","og_description":"[vc_row css=&#8221;.vc_custom_1486725682166{padding-top: 28px !important;padding-bottom: 110px !important;}&#8221;][vc_column el_class=&#8221;LOOKTITLE&#8221;][vc_column_text css=&#8221;.vc_custom_1509616397781{padding-bottom: 40px !important;}&#8221;] ACERCA DEL PRODUCTO [\/vc_column_text][\/vc_column][vc_column][\/vc_column][\/vc_row][vc_row][vc_column el_class=&#8221;LOOKTITLE&#8221;][vc_column_text css=&#8221;.vc_custom_1509616477959{padding-bottom: 40px !important;}&#8221;] PROCESO DE COMPRA [\/vc_column_text][\/vc_column][\/vc_row][vc_row][vc_column][\/vc_column][\/vc_row]","og_url":"https:\/\/www.marthapeach.com\/en\/faqs\/","og_site_name":"Martha Peach","article_modified_time":"2018-04-24T08:30:22+00:00","twitter_card":"summary","twitter_misc":{"Est. reading time":"5 minutes"},"schema":{"@context":"https:\/\/schema.org","@graph":[{"@type":"WebPage","@id":"https:\/\/www.marthapeach.com\/en\/faqs\/","url":"https:\/\/www.marthapeach.com\/en\/faqs\/","name":"Faqs - Martha Peach","isPartOf":{"@id":"https:\/\/www.marthapeach.com\/#website"},"datePublished":"2018-04-24T08:29:33+00:00","dateModified":"2018-04-24T08:30:22+00:00","breadcrumb":{"@id":"https:\/\/www.marthapeach.com\/en\/faqs\/#breadcrumb"},"inLanguage":"en-US","potentialAction":[{"@type":"ReadAction","target":["https:\/\/www.marthapeach.com\/en\/faqs\/"]}]},{"@type":"BreadcrumbList","@id":"https:\/\/www.marthapeach.com\/en\/faqs\/#breadcrumb","itemListElement":[{"@type":"ListItem","position":1,"name":"Portada","item":"https:\/\/www.marthapeach.com\/en\/"},{"@type":"ListItem","position":2,"name":"Faqs"}]},{"@type":"WebSite","@id":"https:\/\/www.marthapeach.com\/#website","url":"https:\/\/www.marthapeach.com\/","name":"Martha Peach","description":"Martha Peach la firma de portabeb\u00e9s con estilo y ergon\u00f3micos. Fulares tejidos, pa\u00f1uelos y ropa de porteo.","potentialAction":[{"@type":"SearchAction","target":{"@type":"EntryPoint","urlTemplate":"https:\/\/www.marthapeach.com\/?s={search_term_string}"},"query-input":"required name=search_term_string"}],"inLanguage":"en-US"}]}},"_links":{"self":[{"href":"https:\/\/www.marthapeach.com\/en\/wp-json\/wp\/v2\/pages\/10225"}],"collection":[{"href":"https:\/\/www.marthapeach.com\/en\/wp-json\/wp\/v2\/pages"}],"about":[{"href":"https:\/\/www.marthapeach.com\/en\/wp-json\/wp\/v2\/types\/page"}],"author":[{"embeddable":true,"href":"https:\/\/www.marthapeach.com\/en\/wp-json\/wp\/v2\/users\/1"}],"replies":[{"embeddable":true,"href":"https:\/\/www.marthapeach.com\/en\/wp-json\/wp\/v2\/comments?post=10225"}],"version-history":[{"count":1,"href":"https:\/\/www.marthapeach.com\/en\/wp-json\/wp\/v2\/pages\/10225\/revisions"}],"predecessor-version":[{"id":10226,"href":"https:\/\/www.marthapeach.com\/en\/wp-json\/wp\/v2\/pages\/10225\/revisions\/10226"}],"wp:attachment":[{"href":"https:\/\/www.marthapeach.com\/en\/wp-json\/wp\/v2\/media?parent=10225"}],"curies":[{"name":"wp","href":"https:\/\/api.w.org\/{rel}","templated":true}]}}