{"id":149,"date":"2017-01-26T12:08:53","date_gmt":"2017-01-26T12:08:53","guid":{"rendered":"http:\/\/depot.mikado-themes.com\/?page_id=149"},"modified":"2017-01-26T12:08:53","modified_gmt":"2017-01-26T12:08:53","slug":"about-us","status":"publish","type":"page","link":"https:\/\/www.marthapeach.com\/en\/about-us\/","title":{"rendered":"About Us"},"content":{"rendered":"<p>[vc_row][vc_column]<div class=\"mkd-elements-holder mkd-responsive-mode-768\" ><div class=\"mkd-eh-item mkd-order-tracking-skin-default\" style=\"background-image: url()\" data-item-class=\"mkd-eh-custom-648175\">\n\t<div class=\"mkd-eh-item-inner\">\n\t\t<div class=\"mkd-eh-item-content mkd-eh-custom-648175\" style=\"padding: 12% 0\">\n\t\t\t\t\t<\/div>\n\t<\/div>\n<\/div><\/div>[\/vc_column][\/vc_row][vc_row css=&#8221;.vc_custom_1491984264903{padding-top: 74px !important;padding-bottom: 140px !important;background-color: #ffffff !important;}&#8221;][vc_column][vc_row_inner row_content_width=&#8221;grid&#8221;][vc_column_inner]<div class=\"mkd-elements-holder mkd-two-columns mkd-responsive-mode-1024\" ><div class=\"mkd-eh-item mkd-order-tracking-skin-default\"  data-item-class=\"mkd-eh-custom-473744\" data-1024-1280=\"25px 10px 0 0\">\n\t<div class=\"mkd-eh-item-inner\">\n\t\t<div class=\"mkd-eh-item-content mkd-eh-custom-473744\" style=\"padding: 28px 15px 0 15px\">\n\t\t\t[vc_single_image image=&#8221;5642&#8243; img_size=&#8221;full&#8221; alignment=&#8221;center&#8221;]\t\t<\/div>\n\t<\/div>\n<\/div><div class=\"mkd-eh-item mkd-vertical-alignment-top mkd-order-tracking-skin-default\"  data-item-class=\"mkd-eh-custom-305472\" data-1024-1280=\"0 0 0 18px\">\n\t<div class=\"mkd-eh-item-inner\">\n\t\t<div class=\"mkd-eh-item-content mkd-eh-custom-305472\" style=\"padding: 3px 70px 0 20px\">\n\t\t\t[vc_column_text]<\/p>\n<h2>About Indigo<\/h2>\n<p>[\/vc_column_text][vc_empty_space height=&#8221;38px&#8221;]<div class=\"mkd-tabs mkd-tabs-standard\">\n\t<ul class=\"mkd-tabs-nav clearfix\">\n\t\t\t\t\t<li>\n\t\t\t\t\t\t\t\t\t<a href=\"#tab-about-us\">About Us<\/a>\n\t\t\t\t\t\t\t<\/li>\n\t\t\t\t\t<li>\n\t\t\t\t\t\t\t\t\t<a href=\"#tab-services\">Services<\/a>\n\t\t\t\t\t\t\t<\/li>\n\t\t\t\t\t<li>\n\t\t\t\t\t\t\t\t\t<a href=\"#tab-history\">History<\/a>\n\t\t\t\t\t\t\t<\/li>\n\t\t\t<\/ul>\n\t<div class=\"mkd-tab-container\" id=\"tab-about-us-564\">[vc_column_text]Vestibulum ultricies aliquam convallis. Maecenas ut tellus mi. Proin tincid unt, lectus eu volutpat mattis, ante metus lacinia tellus, vitae condi mentum nulla enim bibendum nibh. Praesent turpis risus, interdum nec venenatis id, pretium sit amet purus. Interdum et malesuada fames ac ante ipsum primis in faucibus. \u00a0Aliquam eu lorem nibh. Mauris ex dolor, rutrum in odio vel, suscipit ultrices nunc.[\/vc_column_text][vc_empty_space height=&#8221;25px&#8221;]<a itemprop=\"url\" href=\"#\" target=\"_self\"  class=\"mkd-btn mkd-btn-medium mkd-btn-simple mkd-btn-icon\"  >\n    <span class=\"mkd-btn-text\">Learn More<\/span>\n    <i class=\"mkd-icon-linear-icon lnr lnr-arrow-right \" ><\/i><\/a><\/div><div class=\"mkd-tab-container\" id=\"tab-services-260\">[vc_column_text]Cras ipsum dolor, eleifend et nisl vel, tempor molestie nibh. In hac habit asse platea dictumst. Proin nec blandit ligula. Donec volutpat leo turpis, vel accumsan nunc conva llis id. Vestibulum ultricies aliquam convallis. Maecenas ut tellus mi. Proin tincidunt, lectus eu volutpat mattis, ante metus lacinia tellus, vitae condimentum nulla enim bibendum nibh. Praesent turpis risus, interdum nec venenatis id.[\/vc_column_text][vc_empty_space height=&#8221;25px&#8221;]<a itemprop=\"url\" href=\"#\" target=\"_self\"  class=\"mkd-btn mkd-btn-medium mkd-btn-simple mkd-btn-icon\"  >\n    <span class=\"mkd-btn-text\">Learn More<\/span>\n    <i class=\"mkd-icon-linear-icon lnr lnr-arrow-right \" ><\/i><\/a><\/div><div class=\"mkd-tab-container\" id=\"tab-history-672\">[vc_column_text]Donec volutpat leo turpis, vel accumsan nunc convallis id. Vestibulum ultric ies aliquam convallis. Maecenas ut tellus mi. Proin tincidunt, lectus eu volutpat mattis, ante metus lacinia tellus, vitae condim entum nulla enim biben dum nibh. Cras ipsum dolor, eleifend et nisl vel, tempor molestie nibh. In hac habitasse platea dictumst. Praesent turpis risus, interdum nec venenatis id, pretium sit amet.[\/vc_column_text][vc_empty_space height=&#8221;25px&#8221;]<a itemprop=\"url\" href=\"#\" target=\"_self\"  class=\"mkd-btn mkd-btn-medium mkd-btn-simple mkd-btn-icon\"  >\n    <span class=\"mkd-btn-text\">Learn More<\/span>\n    <i class=\"mkd-icon-linear-icon lnr lnr-arrow-right \" ><\/i><\/a><\/div><\/div>\t\t<\/div>\n\t<\/div>\n<\/div><\/div>[\/vc_column_inner][\/vc_row_inner][\/vc_column][\/vc_row][vc_row parallax=&#8221;content-moving&#8221; parallax_image=&#8221;8250&#8243;][vc_column offset=&#8221;vc_col-lg-offset-0 vc_col-lg-12&#8243;]<div class=\"mkd-elements-holder mkd-responsive-mode-768\" ><div class=\"mkd-eh-item mkd-order-tracking-skin-default\"  data-item-class=\"mkd-eh-custom-678230\" data-1024-1280=\"65px 7% 105px 7%\" data-768-1024=\"65px 7% 105px 7%\" data-600-768=\"65px 4% 105px 4%\" data-480-600=\"38px 2% 80px 2%\" data-480=\"38px 0 80px 0\">\n\t<div class=\"mkd-eh-item-inner\">\n\t\t<div class=\"mkd-eh-item-content mkd-eh-custom-678230\" style=\"padding: 65px 17% 101px 17%\">\n\t\t\t[vc_column_text]<\/p>\n<h3 style=\"text-align: center;\"><span style=\"color: #ffffff;\">WHAT THEY&#8217;RE SAYING<\/span><\/h3>\n<p>[\/vc_column_text]<div class=\"mkd-testimonials-holder  mkd-testimonials-boxed mkd-testimonials-light clearfix\"><div class=\"mkd-testimonials\" data-number=\"-1\" data-number-visible=\"1\" data-speed=\"5000\" data-animation-speed=\"600\" data-nav-arrows=\"no\" data-nav-dots=\"yes\"><div class=\"mkd-testimonial-content\" id=\"mkd-testimonials-6408\" style=\"background-color: rgba(0,0,0,0.01)\">\n    <div class=\"mkd-testimonial-text-holder\">\n                            <p class=\"mkd-testimonial-text\">Lorem Ipsn gravida nibh vel velit auc tor aliquet. Aenean sollicitudin lorem quis bibendum auci elit. <\/p>\n                            <div class=\"mkd-testimonials-author-holder clearfix\">\n                                    <h5 class=\"mkd-testimonial-author\"><span class=\"mkd-testimonial-author-inner\">Ena Saha<\/span><\/h5>\n                                                    <h6 class=\"mkd-testimonial-position\">Designer<\/h6>\n                            <\/div>\n            <\/div>\n<\/div><div class=\"mkd-testimonial-content\" id=\"mkd-testimonials-6407\" style=\"background-color: rgba(0,0,0,0.01)\">\n    <div class=\"mkd-testimonial-text-holder\">\n                            <p class=\"mkd-testimonial-text\">Lorem Ipsn gravida nibh vel velit auc tor aliquet. Aenean sollicitudin lorem quis bibendum auci elit. <\/p>\n                            <div class=\"mkd-testimonials-author-holder clearfix\">\n                                    <h5 class=\"mkd-testimonial-author\"><span class=\"mkd-testimonial-author-inner\">Amala Paul<\/span><\/h5>\n                                                    <h6 class=\"mkd-testimonial-position\">Photographer<\/h6>\n                            <\/div>\n            <\/div>\n<\/div><div class=\"mkd-testimonial-content\" id=\"mkd-testimonials-5407\" style=\"background-color: rgba(0,0,0,0.01)\">\n    <div class=\"mkd-testimonial-text-holder\">\n                            <p class=\"mkd-testimonial-text\">Lorem Ipsn gravida nibh vel velit auc tor aliquet. Aenean sollicitudin lorem quis bibendum auci elit. <\/p>\n                            <div class=\"mkd-testimonials-author-holder clearfix\">\n                                    <h5 class=\"mkd-testimonial-author\"><span class=\"mkd-testimonial-author-inner\">William Jones<\/span><\/h5>\n                                                    <h6 class=\"mkd-testimonial-position\">Designer<\/h6>\n                            <\/div>\n            <\/div>\n<\/div><\/div><\/div>\t\t<\/div>\n\t<\/div>\n<\/div><\/div>[\/vc_column][\/vc_row]<\/p>\n","protected":false},"excerpt":{"rendered":"<p>[vc_row][vc_column][\/vc_column][\/vc_row][vc_row css=&#8221;.vc_custom_1491984264903{padding-top: 74px !important;padding-bottom: 140px !important;background-color: #ffffff !important;}&#8221;][vc_column][vc_row_inner row_content_width=&#8221;grid&#8221;][vc_column_inner][\/vc_column_inner][\/vc_row_inner][\/vc_column][\/vc_row][vc_row parallax=&#8221;content-moving&#8221; parallax_image=&#8221;8250&#8243;][vc_column offset=&#8221;vc_col-lg-offset-0 vc_col-lg-12&#8243;][\/vc_column][\/vc_row]<\/p>\n","protected":false},"author":1,"featured_media":0,"parent":0,"menu_order":0,"comment_status":"closed","ping_status":"closed","template":"full-width.php","meta":[],"yoast_head":"<!-- This site is optimized with the Yoast SEO plugin v19.5.1 - https:\/\/yoast.com\/wordpress\/plugins\/seo\/ -->\n<title>About Us - Martha Peach<\/title>\n<meta name=\"robots\" content=\"index, follow, max-snippet:-1, max-image-preview:large, max-video-preview:-1\" \/>\n<link rel=\"canonical\" href=\"https:\/\/www.marthapeach.com\/en\/about-us\/\" \/>\n<meta property=\"og:locale\" content=\"en_US\" \/>\n<meta property=\"og:type\" content=\"article\" \/>\n<meta property=\"og:title\" content=\"About Us - Martha Peach\" \/>\n<meta property=\"og:description\" content=\"[vc_row][vc_column][\/vc_column][\/vc_row][vc_row css=&#8221;.vc_custom_1491984264903{padding-top: 74px !important;padding-bottom: 140px !important;background-color: #ffffff !important;}&#8221;][vc_column][vc_row_inner row_content_width=&#8221;grid&#8221;][vc_column_inner][\/vc_column_inner][\/vc_row_inner][\/vc_column][\/vc_row][vc_row parallax=&#8221;content-moving&#8221; parallax_image=&#8221;8250&#8243;][vc_column offset=&#8221;vc_col-lg-offset-0 vc_col-lg-12&#8243;][\/vc_column][\/vc_row]\" \/>\n<meta property=\"og:url\" content=\"https:\/\/www.marthapeach.com\/en\/about-us\/\" \/>\n<meta property=\"og:site_name\" content=\"Martha Peach\" \/>\n<meta name=\"twitter:card\" content=\"summary\" \/>\n<meta name=\"twitter:label1\" content=\"Est. reading time\" \/>\n\t<meta name=\"twitter:data1\" content=\"3 minutes\" \/>\n<script type=\"application\/ld+json\" class=\"yoast-schema-graph\">{\"@context\":\"https:\/\/schema.org\",\"@graph\":[{\"@type\":\"WebPage\",\"@id\":\"https:\/\/www.marthapeach.com\/en\/about-us\/\",\"url\":\"https:\/\/www.marthapeach.com\/en\/about-us\/\",\"name\":\"About Us - Martha Peach\",\"isPartOf\":{\"@id\":\"https:\/\/www.marthapeach.com\/#website\"},\"datePublished\":\"2017-01-26T12:08:53+00:00\",\"dateModified\":\"2017-01-26T12:08:53+00:00\",\"breadcrumb\":{\"@id\":\"https:\/\/www.marthapeach.com\/en\/about-us\/#breadcrumb\"},\"inLanguage\":\"en-US\",\"potentialAction\":[{\"@type\":\"ReadAction\",\"target\":[\"https:\/\/www.marthapeach.com\/en\/about-us\/\"]}]},{\"@type\":\"BreadcrumbList\",\"@id\":\"https:\/\/www.marthapeach.com\/en\/about-us\/#breadcrumb\",\"itemListElement\":[{\"@type\":\"ListItem\",\"position\":1,\"name\":\"Portada\",\"item\":\"https:\/\/www.marthapeach.com\/en\/\"},{\"@type\":\"ListItem\",\"position\":2,\"name\":\"About Us\"}]},{\"@type\":\"WebSite\",\"@id\":\"https:\/\/www.marthapeach.com\/#website\",\"url\":\"https:\/\/www.marthapeach.com\/\",\"name\":\"Martha Peach\",\"description\":\"Martha Peach la firma de portabeb\u00e9s con estilo y ergon\u00f3micos. Fulares tejidos, pa\u00f1uelos y ropa de porteo.\",\"potentialAction\":[{\"@type\":\"SearchAction\",\"target\":{\"@type\":\"EntryPoint\",\"urlTemplate\":\"https:\/\/www.marthapeach.com\/?s={search_term_string}\"},\"query-input\":\"required name=search_term_string\"}],\"inLanguage\":\"en-US\"}]}<\/script>\n<!-- \/ Yoast SEO plugin. -->","yoast_head_json":{"title":"About Us - Martha Peach","robots":{"index":"index","follow":"follow","max-snippet":"max-snippet:-1","max-image-preview":"max-image-preview:large","max-video-preview":"max-video-preview:-1"},"canonical":"https:\/\/www.marthapeach.com\/en\/about-us\/","og_locale":"en_US","og_type":"article","og_title":"About Us - Martha Peach","og_description":"[vc_row][vc_column][\/vc_column][\/vc_row][vc_row css=&#8221;.vc_custom_1491984264903{padding-top: 74px !important;padding-bottom: 140px !important;background-color: #ffffff !important;}&#8221;][vc_column][vc_row_inner row_content_width=&#8221;grid&#8221;][vc_column_inner][\/vc_column_inner][\/vc_row_inner][\/vc_column][\/vc_row][vc_row parallax=&#8221;content-moving&#8221; parallax_image=&#8221;8250&#8243;][vc_column offset=&#8221;vc_col-lg-offset-0 vc_col-lg-12&#8243;][\/vc_column][\/vc_row]","og_url":"https:\/\/www.marthapeach.com\/en\/about-us\/","og_site_name":"Martha Peach","twitter_card":"summary","twitter_misc":{"Est. reading time":"3 minutes"},"schema":{"@context":"https:\/\/schema.org","@graph":[{"@type":"WebPage","@id":"https:\/\/www.marthapeach.com\/en\/about-us\/","url":"https:\/\/www.marthapeach.com\/en\/about-us\/","name":"About Us - Martha Peach","isPartOf":{"@id":"https:\/\/www.marthapeach.com\/#website"},"datePublished":"2017-01-26T12:08:53+00:00","dateModified":"2017-01-26T12:08:53+00:00","breadcrumb":{"@id":"https:\/\/www.marthapeach.com\/en\/about-us\/#breadcrumb"},"inLanguage":"en-US","potentialAction":[{"@type":"ReadAction","target":["https:\/\/www.marthapeach.com\/en\/about-us\/"]}]},{"@type":"BreadcrumbList","@id":"https:\/\/www.marthapeach.com\/en\/about-us\/#breadcrumb","itemListElement":[{"@type":"ListItem","position":1,"name":"Portada","item":"https:\/\/www.marthapeach.com\/en\/"},{"@type":"ListItem","position":2,"name":"About Us"}]},{"@type":"WebSite","@id":"https:\/\/www.marthapeach.com\/#website","url":"https:\/\/www.marthapeach.com\/","name":"Martha Peach","description":"Martha Peach la firma de portabeb\u00e9s con estilo y ergon\u00f3micos. Fulares tejidos, pa\u00f1uelos y ropa de porteo.","potentialAction":[{"@type":"SearchAction","target":{"@type":"EntryPoint","urlTemplate":"https:\/\/www.marthapeach.com\/?s={search_term_string}"},"query-input":"required name=search_term_string"}],"inLanguage":"en-US"}]}},"_links":{"self":[{"href":"https:\/\/www.marthapeach.com\/en\/wp-json\/wp\/v2\/pages\/149"}],"collection":[{"href":"https:\/\/www.marthapeach.com\/en\/wp-json\/wp\/v2\/pages"}],"about":[{"href":"https:\/\/www.marthapeach.com\/en\/wp-json\/wp\/v2\/types\/page"}],"author":[{"embeddable":true,"href":"https:\/\/www.marthapeach.com\/en\/wp-json\/wp\/v2\/users\/1"}],"replies":[{"embeddable":true,"href":"https:\/\/www.marthapeach.com\/en\/wp-json\/wp\/v2\/comments?post=149"}],"version-history":[{"count":0,"href":"https:\/\/www.marthapeach.com\/en\/wp-json\/wp\/v2\/pages\/149\/revisions"}],"wp:attachment":[{"href":"https:\/\/www.marthapeach.com\/en\/wp-json\/wp\/v2\/media?parent=149"}],"curies":[{"name":"wp","href":"https:\/\/api.w.org\/{rel}","templated":true}]}}