{"id":221,"date":"2017-01-26T16:21:48","date_gmt":"2017-01-26T16:21:48","guid":{"rendered":"http:\/\/depot.mikado-themes.com\/?page_id=221"},"modified":"2017-01-26T16:21:48","modified_gmt":"2017-01-26T16:21:48","slug":"contact-us","status":"publish","type":"page","link":"https:\/\/www.marthapeach.com\/en\/contact-us\/","title":{"rendered":"Contact Us"},"content":{"rendered":"<p>[vc_row row_content_width=&#8221;grid&#8221; css=&#8221;.vc_custom_1492068459024{padding-right: 13px !important;padding-left: 13px !important;}&#8221;][vc_column css=&#8221;.vc_custom_1485517103916{padding-right: 0px !important;padding-left: 0px !important;}&#8221;]<div class=\"mkd-google-map-holder\">\n\t<div class=\"mkd-google-map\" id=\"mkd-map-2742712\" data-addresses='[\"86 rue de Raymond Poincar\u00e9\",\"Pza. Fuensanta 13\",\"Friedrichstrasse 18\"]' data-custom-map-style=no data-color-overlay=#393939 data-saturation=-100 data-lightness=-60 data-zoom=4 data-pin=https:\/\/www.marthapeach.com\/wp-includes\/images\/media\/default.png data-unique-id=2742712 data-scroll-wheel=no data-height=450><\/div>\n\t\t\t<div class=\"mkd-google-map-overlay\"><\/div>\n\t<\/div>\n[\/vc_column][\/vc_row][vc_row row_content_width=&#8221;grid&#8221; content_text_aligment=&#8221;left&#8221; css=&#8221;.vc_custom_1491290432671{padding-top: 55px !important;padding-bottom: 75px !important;}&#8221;][vc_column offset=&#8221;vc_col-lg-12 vc_col-md-12&#8243;]<div class=\"mkd-elements-holder mkd-three-columns mkd-responsive-mode-1024\" ><div class=\"mkd-eh-item mkd-order-tracking-skin-default\"  data-item-class=\"mkd-eh-custom-847419\" data-1280-1600=\"0 130px 0 0\" data-1024-1280=\"0 90px 0 0\" data-768-1024=\"0 0 0 0 \" data-600-768=\"10px 160px\" data-480-600=\"0 20px\" data-480=\"0 20px\">\n\t<div class=\"mkd-eh-item-inner\">\n\t\t<div class=\"mkd-eh-item-content mkd-eh-custom-847419\" style=\"padding: 0 130px 0 0\">\n\t\t\t[vc_column_text]<\/p>\n<h5><span style=\"color: #080808; font-weight: bold;\">Paris Store<\/span><\/h5>\n<p>[\/vc_column_text][vc_column_text]27 Rue du Calre 6000 Till\u00e9, France Monday to Friday: 9am to 8pm info@yoursite.com[\/vc_column_text]\t\t<\/div>\n\t<\/div>\n<\/div><div class=\"mkd-eh-item mkd-order-tracking-skin-default\"  data-item-class=\"mkd-eh-custom-420232\" data-1024-1280=\"0 35px\" data-768-1024=\"0 0 0 0 \" data-600-768=\"10px 160px\" data-480-600=\"0 20px\" data-480=\"0 20px\">\n\t<div class=\"mkd-eh-item-inner\">\n\t\t<div class=\"mkd-eh-item-content mkd-eh-custom-420232\" style=\"padding: 0 65px\">\n\t\t\t[vc_column_text]<\/p>\n<h5><span style=\"color: #080808; font-weight: bold;\">Madrid Store<\/span><\/h5>\n<p>[\/vc_column_text][vc_column_text]5 Calle de Santa Isa, 2812 Madrid, Spain Monday to Friday: 8am to 5pm +483.172.6412[\/vc_column_text]\t\t<\/div>\n\t<\/div>\n<\/div><div class=\"mkd-eh-item mkd-order-tracking-skin-default\"  data-item-class=\"mkd-eh-custom-420406\" data-1024-1280=\"0 0 0 84px\" data-768-1024=\"0 0 0 0 \" data-600-768=\"10px 160px\" data-480-600=\"0 20px\" data-480=\"0 20px\">\n\t<div class=\"mkd-eh-item-inner\">\n\t\t<div class=\"mkd-eh-item-content mkd-eh-custom-420406\" style=\"padding: 0 0 0 150px\">\n\t\t\t[vc_column_text]<\/p>\n<h5><span style=\"color: #080808; font-weight: bold;\">Berlin Store<\/span><\/h5>\n<p>[\/vc_column_text][vc_column_text]Trebbiner Str. 9, 10963 Berlin, Germany Monday to Friday: 9am to 8pm info@yoursite.com[\/vc_column_text]\t\t<\/div>\n\t<\/div>\n<\/div><\/div>[\/vc_column][\/vc_row][vc_row content_text_aligment=&#8221;center&#8221; css=&#8221;.vc_custom_1491290271667{padding-top: 67px !important;padding-bottom: 90px !important;background-image: url(http:\/\/indigo.mikado-themes.com\/wp-content\/uploads\/2017\/01\/contact-us-img-1.jpg?id=5702) !important;background-position: center !important;background-repeat: no-repeat !important;background-size: cover !important;}&#8221;][vc_column][vc_column_text]<\/p>\n<h2><span style=\"color: #ffffff;\">SUBSCRIBE TO NEWSLETTER<\/span><\/h2>\n<p>[\/vc_column_text][vc_empty_space height=&#8221;8px&#8221;]<div class=\"mkd-elements-holder mkd-responsive-mode-768\" ><div class=\"mkd-eh-item mkd-horizontal-alignment-center mkd-order-tracking-skin-default\"  data-item-class=\"mkd-eh-custom-623610\" data-1280-1600=\"0 17%\" data-1024-1280=\"0 20%\" data-768-1024=\"0 15%\" data-600-768=\"0 8%\" data-480-600=\"0px\" data-480=\"0px\">\n\t<div class=\"mkd-eh-item-inner\">\n\t\t<div class=\"mkd-eh-item-content mkd-eh-custom-623610\" style=\"padding: 0 30%\">\n\t\t\t[vc_column_text]<\/p>\n<h4><span style=\"color: #ffffff;\">Your brand\u2019s power lies in dominance. It is better to have 50% of one market, instead of 10% of five markets.<\/span><\/h4>\n<p>[\/vc_column_text]\t\t<\/div>\n\t<\/div>\n<\/div><\/div>[vc_empty_space height=&#8221;70px&#8221;]<div class=\"mkd-elements-holder mkd-responsive-mode-768\" ><div class=\"mkd-eh-item mkd-horizontal-alignment-center mkd-order-tracking-skin-default\"  data-item-class=\"mkd-eh-custom-419486\" data-1280-1600=\"0 25%\" data-1024-1280=\"0 24%\" data-768-1024=\"0 17%\" data-600-768=\"0 12%\" data-480-600=\"0px 20px\" data-480=\"0px 20px\">\n\t<div class=\"mkd-eh-item-inner\">\n\t\t<div class=\"mkd-eh-item-content mkd-eh-custom-419486\" style=\"padding: 0 34%\">\n\t\t\t[contact-form-7 404 \"Not Found\"]\t\t<\/div>\n\t<\/div>\n<\/div><\/div>[\/vc_column][\/vc_row]<\/p>\n","protected":false},"excerpt":{"rendered":"<p>[vc_row row_content_width=&#8221;grid&#8221; css=&#8221;.vc_custom_1492068459024{padding-right: 13px !important;padding-left: 13px !important;}&#8221;][vc_column css=&#8221;.vc_custom_1485517103916{padding-right: 0px !important;padding-left: 0px !important;}&#8221;][\/vc_column][\/vc_row][vc_row row_content_width=&#8221;grid&#8221; content_text_aligment=&#8221;left&#8221; css=&#8221;.vc_custom_1491290432671{padding-top: 55px !important;padding-bottom: 75px !important;}&#8221;][vc_column offset=&#8221;vc_col-lg-12 vc_col-md-12&#8243;][\/vc_column][\/vc_row][vc_row content_text_aligment=&#8221;center&#8221; css=&#8221;.vc_custom_1491290271667{padding-top: 67px !important;padding-bottom: 90px !important;background-image: url(http:\/\/indigo.mikado-themes.com\/wp-content\/uploads\/2017\/01\/contact-us-img-1.jpg?id=5702) !important;background-position: center !important;background-repeat: no-repeat !important;background-size: cover !important;}&#8221;][vc_column][vc_column_text] SUBSCRIBE TO NEWSLETTER [\/vc_column_text][vc_empty_space height=&#8221;8px&#8221;][vc_empty_space [&hellip;]<\/p>\n","protected":false},"author":1,"featured_media":0,"parent":0,"menu_order":0,"comment_status":"closed","ping_status":"closed","template":"full-width.php","meta":[],"yoast_head":"<!-- This site is optimized with the Yoast SEO plugin v19.5.1 - https:\/\/yoast.com\/wordpress\/plugins\/seo\/ -->\n<title>Contact Us - Martha Peach<\/title>\n<meta name=\"robots\" content=\"index, follow, max-snippet:-1, max-image-preview:large, max-video-preview:-1\" \/>\n<link rel=\"canonical\" href=\"https:\/\/www.marthapeach.com\/en\/contact-us\/\" \/>\n<meta property=\"og:locale\" content=\"en_US\" \/>\n<meta property=\"og:type\" content=\"article\" \/>\n<meta property=\"og:title\" content=\"Contact Us - Martha Peach\" \/>\n<meta property=\"og:description\" content=\"[vc_row row_content_width=&#8221;grid&#8221; css=&#8221;.vc_custom_1492068459024{padding-right: 13px !important;padding-left: 13px !important;}&#8221;][vc_column css=&#8221;.vc_custom_1485517103916{padding-right: 0px !important;padding-left: 0px !important;}&#8221;][\/vc_column][\/vc_row][vc_row row_content_width=&#8221;grid&#8221; content_text_aligment=&#8221;left&#8221; css=&#8221;.vc_custom_1491290432671{padding-top: 55px !important;padding-bottom: 75px !important;}&#8221;][vc_column offset=&#8221;vc_col-lg-12 vc_col-md-12&#8243;][\/vc_column][\/vc_row][vc_row content_text_aligment=&#8221;center&#8221; css=&#8221;.vc_custom_1491290271667{padding-top: 67px !important;padding-bottom: 90px !important;background-image: url(http:\/\/indigo.mikado-themes.com\/wp-content\/uploads\/2017\/01\/contact-us-img-1.jpg?id=5702) !important;background-position: center !important;background-repeat: no-repeat !important;background-size: cover !important;}&#8221;][vc_column][vc_column_text] SUBSCRIBE TO NEWSLETTER [\/vc_column_text][vc_empty_space height=&#8221;8px&#8221;][vc_empty_space [&hellip;]\" \/>\n<meta property=\"og:url\" content=\"https:\/\/www.marthapeach.com\/en\/contact-us\/\" \/>\n<meta property=\"og:site_name\" content=\"Martha Peach\" \/>\n<meta name=\"twitter:card\" content=\"summary\" \/>\n<meta name=\"twitter:label1\" content=\"Est. reading time\" \/>\n\t<meta name=\"twitter:data1\" content=\"2 minutes\" \/>\n<script type=\"application\/ld+json\" class=\"yoast-schema-graph\">{\"@context\":\"https:\/\/schema.org\",\"@graph\":[{\"@type\":\"WebPage\",\"@id\":\"https:\/\/www.marthapeach.com\/en\/contact-us\/\",\"url\":\"https:\/\/www.marthapeach.com\/en\/contact-us\/\",\"name\":\"Contact Us - Martha Peach\",\"isPartOf\":{\"@id\":\"https:\/\/www.marthapeach.com\/#website\"},\"datePublished\":\"2017-01-26T16:21:48+00:00\",\"dateModified\":\"2017-01-26T16:21:48+00:00\",\"breadcrumb\":{\"@id\":\"https:\/\/www.marthapeach.com\/en\/contact-us\/#breadcrumb\"},\"inLanguage\":\"en-US\",\"potentialAction\":[{\"@type\":\"ReadAction\",\"target\":[\"https:\/\/www.marthapeach.com\/en\/contact-us\/\"]}]},{\"@type\":\"BreadcrumbList\",\"@id\":\"https:\/\/www.marthapeach.com\/en\/contact-us\/#breadcrumb\",\"itemListElement\":[{\"@type\":\"ListItem\",\"position\":1,\"name\":\"Portada\",\"item\":\"https:\/\/www.marthapeach.com\/en\/\"},{\"@type\":\"ListItem\",\"position\":2,\"name\":\"Contact Us\"}]},{\"@type\":\"WebSite\",\"@id\":\"https:\/\/www.marthapeach.com\/#website\",\"url\":\"https:\/\/www.marthapeach.com\/\",\"name\":\"Martha Peach\",\"description\":\"Martha Peach la firma de portabeb\u00e9s con estilo y ergon\u00f3micos. Fulares tejidos, pa\u00f1uelos y ropa de porteo.\",\"potentialAction\":[{\"@type\":\"SearchAction\",\"target\":{\"@type\":\"EntryPoint\",\"urlTemplate\":\"https:\/\/www.marthapeach.com\/?s={search_term_string}\"},\"query-input\":\"required name=search_term_string\"}],\"inLanguage\":\"en-US\"}]}<\/script>\n<!-- \/ Yoast SEO plugin. -->","yoast_head_json":{"title":"Contact Us - Martha Peach","robots":{"index":"index","follow":"follow","max-snippet":"max-snippet:-1","max-image-preview":"max-image-preview:large","max-video-preview":"max-video-preview:-1"},"canonical":"https:\/\/www.marthapeach.com\/en\/contact-us\/","og_locale":"en_US","og_type":"article","og_title":"Contact Us - Martha Peach","og_description":"[vc_row row_content_width=&#8221;grid&#8221; css=&#8221;.vc_custom_1492068459024{padding-right: 13px !important;padding-left: 13px !important;}&#8221;][vc_column css=&#8221;.vc_custom_1485517103916{padding-right: 0px !important;padding-left: 0px !important;}&#8221;][\/vc_column][\/vc_row][vc_row row_content_width=&#8221;grid&#8221; content_text_aligment=&#8221;left&#8221; css=&#8221;.vc_custom_1491290432671{padding-top: 55px !important;padding-bottom: 75px !important;}&#8221;][vc_column offset=&#8221;vc_col-lg-12 vc_col-md-12&#8243;][\/vc_column][\/vc_row][vc_row content_text_aligment=&#8221;center&#8221; css=&#8221;.vc_custom_1491290271667{padding-top: 67px !important;padding-bottom: 90px !important;background-image: url(http:\/\/indigo.mikado-themes.com\/wp-content\/uploads\/2017\/01\/contact-us-img-1.jpg?id=5702) !important;background-position: center !important;background-repeat: no-repeat !important;background-size: cover !important;}&#8221;][vc_column][vc_column_text] SUBSCRIBE TO NEWSLETTER [\/vc_column_text][vc_empty_space height=&#8221;8px&#8221;][vc_empty_space [&hellip;]","og_url":"https:\/\/www.marthapeach.com\/en\/contact-us\/","og_site_name":"Martha Peach","twitter_card":"summary","twitter_misc":{"Est. reading time":"2 minutes"},"schema":{"@context":"https:\/\/schema.org","@graph":[{"@type":"WebPage","@id":"https:\/\/www.marthapeach.com\/en\/contact-us\/","url":"https:\/\/www.marthapeach.com\/en\/contact-us\/","name":"Contact Us - Martha Peach","isPartOf":{"@id":"https:\/\/www.marthapeach.com\/#website"},"datePublished":"2017-01-26T16:21:48+00:00","dateModified":"2017-01-26T16:21:48+00:00","breadcrumb":{"@id":"https:\/\/www.marthapeach.com\/en\/contact-us\/#breadcrumb"},"inLanguage":"en-US","potentialAction":[{"@type":"ReadAction","target":["https:\/\/www.marthapeach.com\/en\/contact-us\/"]}]},{"@type":"BreadcrumbList","@id":"https:\/\/www.marthapeach.com\/en\/contact-us\/#breadcrumb","itemListElement":[{"@type":"ListItem","position":1,"name":"Portada","item":"https:\/\/www.marthapeach.com\/en\/"},{"@type":"ListItem","position":2,"name":"Contact Us"}]},{"@type":"WebSite","@id":"https:\/\/www.marthapeach.com\/#website","url":"https:\/\/www.marthapeach.com\/","name":"Martha Peach","description":"Martha Peach la firma de portabeb\u00e9s con estilo y ergon\u00f3micos. Fulares tejidos, pa\u00f1uelos y ropa de porteo.","potentialAction":[{"@type":"SearchAction","target":{"@type":"EntryPoint","urlTemplate":"https:\/\/www.marthapeach.com\/?s={search_term_string}"},"query-input":"required name=search_term_string"}],"inLanguage":"en-US"}]}},"_links":{"self":[{"href":"https:\/\/www.marthapeach.com\/en\/wp-json\/wp\/v2\/pages\/221"}],"collection":[{"href":"https:\/\/www.marthapeach.com\/en\/wp-json\/wp\/v2\/pages"}],"about":[{"href":"https:\/\/www.marthapeach.com\/en\/wp-json\/wp\/v2\/types\/page"}],"author":[{"embeddable":true,"href":"https:\/\/www.marthapeach.com\/en\/wp-json\/wp\/v2\/users\/1"}],"replies":[{"embeddable":true,"href":"https:\/\/www.marthapeach.com\/en\/wp-json\/wp\/v2\/comments?post=221"}],"version-history":[{"count":0,"href":"https:\/\/www.marthapeach.com\/en\/wp-json\/wp\/v2\/pages\/221\/revisions"}],"wp:attachment":[{"href":"https:\/\/www.marthapeach.com\/en\/wp-json\/wp\/v2\/media?parent=221"}],"curies":[{"name":"wp","href":"https:\/\/api.w.org\/{rel}","templated":true}]}}