{"id":27,"date":"2017-01-24T16:04:16","date_gmt":"2017-01-24T16:04:16","guid":{"rendered":"http:\/\/depot.mikado-themes.com\/product\/basket-with-handles\/"},"modified":"2018-12-12T19:59:02","modified_gmt":"2018-12-12T19:59:02","slug":"panuelo-elastico-portabebe-sand","status":"publish","type":"product","link":"https:\/\/www.marthapeach.com\/en\/shop\/baby-carrier\/panuelo-elastico-portabebe-sand\/","title":{"rendered":"Pa\u00f1uelo Portabeb\u00e9 Sand"},"content":{"rendered":"<ul class=\"ul1\">\n<li class=\"li1\"><span class=\"s2\">100% Lenzing Modal\u00ae. Es <\/span><span class=\"s3\">una fibra extra\u00edda de madera de haya de los bosques austr\u00edacos mediante un proceso eco-friendly. <\/span><\/li>\n<\/ul>\n<ul class=\"ul1\">\n<li class=\"li1\"><span class=\"s2\">Todos nuestros tejidos poseen la certificaci\u00f3n\u00a0OEKO-TEX\u00ae\u00a0<\/span><\/li>\n<\/ul>\n<ul class=\"ul1\">\n<li class=\"li1\"><span class=\"s2\">Dise\u00f1ado y fabricado en Espa\u00f1a<\/span><\/li>\n<\/ul>\n<ul class=\"ul1\">\n<li class=\"li1\"><span class=\"s2\">Si quieres saber m\u00e1s puedes consultar nuestro apartado de <a href=\"https:\/\/www.marthapeach.com\/faqs\/\">FAQS<\/a><\/span><\/li>\n<\/ul>\n","protected":false},"excerpt":{"rendered":"<p>Pa\u00f1uelo portabeb\u00e9s confeccionado exclusivamente con el lujoso tejido Lenzing Modal\u00ae.\u00a0Una tela de tacto extremadamente sedoso, m\u00e1s fuerte que el algod\u00f3n y con una elasticidad perfecta que se traduce en m\u00e1xima comodidad para el beb\u00e9 y para la persona que lo lleva.<br \/>\nDise\u00f1ado pensando en la sencillez de uso que necesitas. En muy poco tiempo los dos estar\u00e9is disfrutando de esta incre\u00edble experiencia.<\/p>\n<ul class=\"marthapeachlist\">\n<li>Desde el nacimiento hasta los 15 Kg<\/li>\n<li>Talla \u00fanica<\/li>\n<li>Cuidado: Lavar a mano o a m\u00e1quina m\u00e1x.30\u00ba. No utilizar secadora<\/li>\n<li>En nuestros Tutoriales podr\u00e1s ver qu\u00e9 sencillo es utilizarlo<\/li>\n<li>Env\u00edo gratuito en compras superiores a 60 \u20ac\u2028.<\/li>\n<li>Si quieres que este sea tu regalo para alguien especial s\u00f3lo tienes que escribirnos para que incluyamos en el paquete una tarjeta personalizada.<\/li>\n<li>Lee detenidamente nuestros TIPs de seguridad<\/li>\n<\/ul>\n","protected":false},"featured_media":8806,"comment_status":"closed","ping_status":"closed","template":"","meta":[],"product_cat":[128],"product_tag":[129,130],"yoast_head":"<!-- This site is optimized with the Yoast SEO plugin v19.5.1 - https:\/\/yoast.com\/wordpress\/plugins\/seo\/ -->\n<title>Pa\u00f1uelo Portabeb\u00e9 Sand - Martha Peach<\/title>\n<meta name=\"robots\" content=\"index, follow, max-snippet:-1, max-image-preview:large, max-video-preview:-1\" \/>\n<link rel=\"canonical\" href=\"https:\/\/www.marthapeach.com\/en\/shop\/baby-carrier\/panuelo-elastico-portabebe-sand\/\" \/>\n<meta property=\"og:locale\" content=\"en_US\" \/>\n<meta property=\"og:type\" content=\"article\" \/>\n<meta property=\"og:title\" content=\"Pa\u00f1uelo Portabeb\u00e9 Sand - Martha Peach\" \/>\n<meta property=\"og:description\" content=\"Pa\u00f1uelo portabeb\u00e9s confeccionado exclusivamente con el lujoso tejido Lenzing Modal\u00ae.\u00a0Una tela de tacto extremadamente sedoso, m\u00e1s fuerte que el algod\u00f3n y con una elasticidad perfecta que se traduce en m\u00e1xima comodidad para el beb\u00e9 y para la persona que lo lleva. Dise\u00f1ado pensando en la sencillez de uso que necesitas. En muy poco tiempo los dos estar\u00e9is disfrutando de esta incre\u00edble experiencia.   Desde el nacimiento hasta los 15 Kg  Talla \u00fanica  Cuidado: Lavar a mano o a m\u00e1quina m\u00e1x.30\u00ba. No utilizar secadora  En nuestros Tutoriales podr\u00e1s ver qu\u00e9 sencillo es utilizarlo  Env\u00edo gratuito en compras superiores a 60 \u20ac\u2028.  Si quieres que este sea tu regalo para alguien especial s\u00f3lo tienes que escribirnos para que incluyamos en el paquete una tarjeta personalizada.  Lee detenidamente nuestros TIPs de seguridad\" \/>\n<meta property=\"og:url\" content=\"https:\/\/www.marthapeach.com\/en\/shop\/baby-carrier\/panuelo-elastico-portabebe-sand\/\" \/>\n<meta property=\"og:site_name\" content=\"Martha Peach\" \/>\n<meta property=\"article:modified_time\" content=\"2018-12-12T19:59:02+00:00\" \/>\n<meta property=\"og:image\" content=\"https:\/\/www.marthapeach.com\/wp-content\/uploads\/2017\/01\/sand-portabebe-crudo.jpg\" \/>\n\t<meta property=\"og:image:width\" content=\"800\" \/>\n\t<meta property=\"og:image:height\" content=\"1000\" \/>\n\t<meta property=\"og:image:type\" content=\"image\/jpeg\" \/>\n<meta name=\"twitter:card\" content=\"summary\" \/>\n<script type=\"application\/ld+json\" class=\"yoast-schema-graph\">{\"@context\":\"https:\/\/schema.org\",\"@graph\":[{\"@type\":\"WebPage\",\"@id\":\"https:\/\/www.marthapeach.com\/en\/shop\/baby-carrier\/panuelo-elastico-portabebe-sand\/\",\"url\":\"https:\/\/www.marthapeach.com\/en\/shop\/baby-carrier\/panuelo-elastico-portabebe-sand\/\",\"name\":\"Pa\u00f1uelo Portabeb\u00e9 Sand - Martha Peach\",\"isPartOf\":{\"@id\":\"https:\/\/www.marthapeach.com\/#website\"},\"datePublished\":\"2017-01-24T16:04:16+00:00\",\"dateModified\":\"2018-12-12T19:59:02+00:00\",\"breadcrumb\":{\"@id\":\"https:\/\/www.marthapeach.com\/en\/shop\/baby-carrier\/panuelo-elastico-portabebe-sand\/#breadcrumb\"},\"inLanguage\":\"en-US\",\"potentialAction\":[{\"@type\":\"ReadAction\",\"target\":[\"https:\/\/www.marthapeach.com\/en\/shop\/baby-carrier\/panuelo-elastico-portabebe-sand\/\"]}]},{\"@type\":\"BreadcrumbList\",\"@id\":\"https:\/\/www.marthapeach.com\/en\/shop\/baby-carrier\/panuelo-elastico-portabebe-sand\/#breadcrumb\",\"itemListElement\":[{\"@type\":\"ListItem\",\"position\":1,\"name\":\"Portada\",\"item\":\"https:\/\/www.marthapeach.com\/en\/\"},{\"@type\":\"ListItem\",\"position\":2,\"name\":\"Shop\",\"item\":\"https:\/\/www.marthapeach.com\/en\/shop\/\"},{\"@type\":\"ListItem\",\"position\":3,\"name\":\"Pa\u00f1uelo Portabeb\u00e9 Sand\"}]},{\"@type\":\"WebSite\",\"@id\":\"https:\/\/www.marthapeach.com\/#website\",\"url\":\"https:\/\/www.marthapeach.com\/\",\"name\":\"Martha Peach\",\"description\":\"Martha Peach la firma de portabeb\u00e9s con estilo y ergon\u00f3micos. Fulares tejidos, pa\u00f1uelos y ropa de porteo.\",\"potentialAction\":[{\"@type\":\"SearchAction\",\"target\":{\"@type\":\"EntryPoint\",\"urlTemplate\":\"https:\/\/www.marthapeach.com\/?s={search_term_string}\"},\"query-input\":\"required name=search_term_string\"}],\"inLanguage\":\"en-US\"}]}<\/script>\n<!-- \/ Yoast SEO plugin. -->","yoast_head_json":{"title":"Pa\u00f1uelo Portabeb\u00e9 Sand - Martha Peach","robots":{"index":"index","follow":"follow","max-snippet":"max-snippet:-1","max-image-preview":"max-image-preview:large","max-video-preview":"max-video-preview:-1"},"canonical":"https:\/\/www.marthapeach.com\/en\/shop\/baby-carrier\/panuelo-elastico-portabebe-sand\/","og_locale":"en_US","og_type":"article","og_title":"Pa\u00f1uelo Portabeb\u00e9 Sand - Martha Peach","og_description":"Pa\u00f1uelo portabeb\u00e9s confeccionado exclusivamente con el lujoso tejido Lenzing Modal\u00ae.\u00a0Una tela de tacto extremadamente sedoso, m\u00e1s fuerte que el algod\u00f3n y con una elasticidad perfecta que se traduce en m\u00e1xima comodidad para el beb\u00e9 y para la persona que lo lleva. Dise\u00f1ado pensando en la sencillez de uso que necesitas. En muy poco tiempo los dos estar\u00e9is disfrutando de esta incre\u00edble experiencia.   Desde el nacimiento hasta los 15 Kg  Talla \u00fanica  Cuidado: Lavar a mano o a m\u00e1quina m\u00e1x.30\u00ba. No utilizar secadora  En nuestros Tutoriales podr\u00e1s ver qu\u00e9 sencillo es utilizarlo  Env\u00edo gratuito en compras superiores a 60 \u20ac\u2028.  Si quieres que este sea tu regalo para alguien especial s\u00f3lo tienes que escribirnos para que incluyamos en el paquete una tarjeta personalizada.  Lee detenidamente nuestros TIPs de seguridad","og_url":"https:\/\/www.marthapeach.com\/en\/shop\/baby-carrier\/panuelo-elastico-portabebe-sand\/","og_site_name":"Martha Peach","article_modified_time":"2018-12-12T19:59:02+00:00","og_image":[{"width":800,"height":1000,"url":"https:\/\/www.marthapeach.com\/wp-content\/uploads\/2017\/01\/sand-portabebe-crudo.jpg","type":"image\/jpeg"}],"twitter_card":"summary","schema":{"@context":"https:\/\/schema.org","@graph":[{"@type":"WebPage","@id":"https:\/\/www.marthapeach.com\/en\/shop\/baby-carrier\/panuelo-elastico-portabebe-sand\/","url":"https:\/\/www.marthapeach.com\/en\/shop\/baby-carrier\/panuelo-elastico-portabebe-sand\/","name":"Pa\u00f1uelo Portabeb\u00e9 Sand - Martha Peach","isPartOf":{"@id":"https:\/\/www.marthapeach.com\/#website"},"datePublished":"2017-01-24T16:04:16+00:00","dateModified":"2018-12-12T19:59:02+00:00","breadcrumb":{"@id":"https:\/\/www.marthapeach.com\/en\/shop\/baby-carrier\/panuelo-elastico-portabebe-sand\/#breadcrumb"},"inLanguage":"en-US","potentialAction":[{"@type":"ReadAction","target":["https:\/\/www.marthapeach.com\/en\/shop\/baby-carrier\/panuelo-elastico-portabebe-sand\/"]}]},{"@type":"BreadcrumbList","@id":"https:\/\/www.marthapeach.com\/en\/shop\/baby-carrier\/panuelo-elastico-portabebe-sand\/#breadcrumb","itemListElement":[{"@type":"ListItem","position":1,"name":"Portada","item":"https:\/\/www.marthapeach.com\/en\/"},{"@type":"ListItem","position":2,"name":"Shop","item":"https:\/\/www.marthapeach.com\/en\/shop\/"},{"@type":"ListItem","position":3,"name":"Pa\u00f1uelo Portabeb\u00e9 Sand"}]},{"@type":"WebSite","@id":"https:\/\/www.marthapeach.com\/#website","url":"https:\/\/www.marthapeach.com\/","name":"Martha Peach","description":"Martha Peach la firma de portabeb\u00e9s con estilo y ergon\u00f3micos. Fulares tejidos, pa\u00f1uelos y ropa de porteo.","potentialAction":[{"@type":"SearchAction","target":{"@type":"EntryPoint","urlTemplate":"https:\/\/www.marthapeach.com\/?s={search_term_string}"},"query-input":"required name=search_term_string"}],"inLanguage":"en-US"}]}},"_links":{"self":[{"href":"https:\/\/www.marthapeach.com\/en\/wp-json\/wp\/v2\/product\/27"}],"collection":[{"href":"https:\/\/www.marthapeach.com\/en\/wp-json\/wp\/v2\/product"}],"about":[{"href":"https:\/\/www.marthapeach.com\/en\/wp-json\/wp\/v2\/types\/product"}],"replies":[{"embeddable":true,"href":"https:\/\/www.marthapeach.com\/en\/wp-json\/wp\/v2\/comments?post=27"}],"wp:featuredmedia":[{"embeddable":true,"href":"https:\/\/www.marthapeach.com\/en\/wp-json\/wp\/v2\/media\/8806"}],"wp:attachment":[{"href":"https:\/\/www.marthapeach.com\/en\/wp-json\/wp\/v2\/media?parent=27"}],"wp:term":[{"taxonomy":"product_cat","embeddable":true,"href":"https:\/\/www.marthapeach.com\/en\/wp-json\/wp\/v2\/product_cat?post=27"},{"taxonomy":"product_tag","embeddable":true,"href":"https:\/\/www.marthapeach.com\/en\/wp-json\/wp\/v2\/product_tag?post=27"}],"curies":[{"name":"wp","href":"https:\/\/api.w.org\/{rel}","templated":true}]}}